{"id":9,"date":"2019-06-14T22:44:51","date_gmt":"2019-06-14T20:44:51","guid":{"rendered":"http:\/\/psychomote.fr\/?page_id=9"},"modified":"2022-11-16T23:20:48","modified_gmt":"2022-11-16T22:20:48","slug":"a-propos-de","status":"publish","type":"page","link":"https:\/\/psychomote.fr\/index.php\/a-propos-de\/","title":{"rendered":"Psychomotricit\u00e9 : g\u00e9n\u00e9ralit\u00e9"},"content":{"rendered":"\n<p>PRINCIPES<\/p>\n\n\n\n<p>Le fonctionnement psychomoteur normal repose sur 4 param\u00e8tres fonctionnant en association et en \u00e9quilibre :<\/p>\n\n\n\n<ul>\n<li>L\u2019activit\u00e9 neuro-motrice (tonus, \u00e9quilibre, coordinations, sensorialit\u00e9 et motricit\u00e9). <\/li>\n\n\n\n<li>La dimension perceptivo-motrice et affective (posture, gestualit\u00e9 et sch\u00e9ma corporel).<\/li>\n\n\n\n<li>La dimension cognitive (rep\u00e8res spatio-temporaux, capacit\u00e9 d\u2019organisation, d\u2019attention). <\/li>\n\n\n\n<li>La dimension de l\u2019identit\u00e9 (place et relation \u00e9tablie par l\u2019individu dans le cadre de son environnement social et familial)<\/li>\n<\/ul>\n\n\n\n<p>La perturbation d\u2019un ou plusieurs de ces \u00e9l\u00e9ments cr\u00e9e un d\u00e9s\u00e9quilibre. Ce dernier est \u00e0 l\u2019origine de troubles psychomoteurs.<\/p>\n\n\n\n<p>OBJECTIFS<br>\nLa psychomotricit\u00e9 en travaillant sur le corps et l\u2019esprit, vise donc \u00e0 r\u00e9tablir un nouvel \u00e9quilibre pour le patient pr\u00e9sentant ces troubles et permettre ainsi une meilleure <br>\nadaptation \u00e0 son environnement et une am\u00e9lioration de sa vie quotidienne.<\/p>\n\n\n\n<p>Les exemples suivant sont th\u00e9oriques et seront adapt\u00e9s \u00e0 chaque personnes : <br>\nPour une personne \u00e2g\u00e9e faisant des chutes \u00e0 r\u00e9p\u00e9titions, 3 axes seront travaill\u00e9s (la proprioception, qui est la perception de son corps, en lien avec le sch\u00e9ma corporel, <br>\nl\u2019\u00e9quilibre en lien avec l\u2019axe corporel et l\u2019investissement de l\u2019espace, les capacit\u00e9s attentionnelles) <\/p>\n\n\n\n<p>Pour un enfant \/ adolescent souffrant de dyspraxie. La dyspraxie est une alt\u00e9ration des capacit\u00e9s \u00e0 ex\u00e9cuter des mouvements de mani\u00e8re automatique. Voici quelques sympt\u00f4mes :<br>\n maladresse, difficult\u00e9s de coordination, difficult\u00e9s \u00e0 l&#8217;\u00e9criture, difficult\u00e9 \u00e0 se rep\u00e9rer dans le temps\u2026 La r\u00e9\u00e9ducation visera 3 niveaux (la proprioception en lien avec <br>\nle sch\u00e9ma corporel, la r\u00e9gulation tonique, l\u2019orientation spatiale et son organisation).<\/p>\n\n\n\n<p>\u00ab En psychomotricit\u00e9, l\u2019id\u00e9e essentielle ne sera pas de r\u00e9\u00e9duquer, puisqu\u2019il ne s\u2019agit pas de corriger un mouvement ou des attitudes, mais d\u2019aider le sujet \u00e0 percevoir <br> son corps avec les moyens dont il dispose, puis le soutenir dans ses erreurs, pour d\u00e9couvrir s\u2019il peut l\u2019utiliser autrement, tout en se rappelant sans cesse que la norme <br> est l\u2019\u00e9tat fonctionnel actuel \u00bb <br> Ravi\u00e8re et Ramseier<\/p>\n\n\n\n<p><strong>Kin\u00e9, ergo, psychomot. : Quelles diff\u00e9rences ?<\/strong><\/p>\n\n\n\n<p>Ces\ntrois professionnels s&#8217;occupent de leurs patients dans la mani\u00e8re dont ils\nappr\u00e9hendent leur <strong>corps<\/strong>. Ils assurent tous les 3 une <strong>prise en charge\ncorporelle, gestuelle,<\/strong> laquelle permet \u00e0 leur patient d&#8217;atteindre\nun&nbsp;\u00ab&nbsp;<em>\u00e9tat de complet bien-\u00eatre physique, mental et social&nbsp;\u00bb;<\/em>\npour reprendre les termes de l&#8217;OMS.<\/p>\n\n\n\n<p>Mais ces\nprofessionnels ne vont pas regarder leur patient \u00e9voluer corporellement de la\nm\u00eame mani\u00e8re. Chacun <strong>appr\u00e9hende le corps\ndans une approche<\/strong>&nbsp;:<br><\/p>\n\n\n\n<p>\u00ab&nbsp;http:\/\/www.b-paramedical.fr\/articles\/psychomtricite\/pratiques-professionnelles\/17-kine-ergo-psychomot-quelles-differences.html&nbsp;\u00bb <\/p>\n\n\n\n<a href=\"https:\/\/www.doctolib.fr\/psychomotricien\/arveyres\/stephanie-lalanne?utm_campaign=website-button&amp;utm_source=stephanie-lalanne-website-button&amp;utm_medium=referral&amp;utm_content=option-5&amp;utm_term=stephanie-lalanne\" style=\"display:block;text-align:center;background-color:#0596DE;color:#ffffff;font-size:14px;overflow:hidden;width:257px;height:40px;border-bottom-right-radius:none;border-bottom-left-radius:none;position:fixed;bottom:0;right:5px;z-index:1000;border-top-left-radius:4px;border-top-right-radius:4px;line-height:40px\" target=\"_blank\" rel=\"noopener\"><span style=\"font-size:13px\">Prendre rendez-vous en ligne<\/span><img decoding=\"async\" style=\"height:15px;margin-bottom:3px;vertical-align:middle;width:auto\" src=\"https:\/\/pro.doctolib.fr\/external_button\/doctolib-white-transparent.png\" alt=\"Doctolib\"><\/a>\n","protected":false},"excerpt":{"rendered":"<p>PRINCIPES Le fonctionnement psychomoteur normal repose sur 4 param\u00e8tres fonctionnant en association et en \u00e9quilibre : La perturbation d\u2019un ou plusieurs de ces \u00e9l\u00e9ments cr\u00e9e un d\u00e9s\u00e9quilibre. Ce dernier est \u00e0 l\u2019origine de troubles psychomoteurs. OBJECTIFS La psychomotricit\u00e9 en travaillant sur le corps et l\u2019esprit, vise donc \u00e0 r\u00e9tablir un nouvel \u00e9quilibre pour le patient [&hellip;]<\/p>\n","protected":false},"author":1,"featured_media":0,"parent":0,"menu_order":0,"comment_status":"closed","ping_status":"closed","template":"","meta":[],"_links":{"self":[{"href":"https:\/\/psychomote.fr\/index.php\/wp-json\/wp\/v2\/pages\/9"}],"collection":[{"href":"https:\/\/psychomote.fr\/index.php\/wp-json\/wp\/v2\/pages"}],"about":[{"href":"https:\/\/psychomote.fr\/index.php\/wp-json\/wp\/v2\/types\/page"}],"author":[{"embeddable":true,"href":"https:\/\/psychomote.fr\/index.php\/wp-json\/wp\/v2\/users\/1"}],"replies":[{"embeddable":true,"href":"https:\/\/psychomote.fr\/index.php\/wp-json\/wp\/v2\/comments?post=9"}],"version-history":[{"count":8,"href":"https:\/\/psychomote.fr\/index.php\/wp-json\/wp\/v2\/pages\/9\/revisions"}],"predecessor-version":[{"id":125,"href":"https:\/\/psychomote.fr\/index.php\/wp-json\/wp\/v2\/pages\/9\/revisions\/125"}],"wp:attachment":[{"href":"https:\/\/psychomote.fr\/index.php\/wp-json\/wp\/v2\/media?parent=9"}],"curies":[{"name":"wp","href":"https:\/\/api.w.org\/{rel}","templated":true}]}}