{"id":8,"date":"2019-06-14T22:44:51","date_gmt":"2019-06-14T20:44:51","guid":{"rendered":"http:\/\/psychomote.fr\/?page_id=8"},"modified":"2023-01-04T00:57:08","modified_gmt":"2023-01-03T23:57:08","slug":"accueil","status":"publish","type":"page","link":"https:\/\/psychomote.fr\/","title":{"rendered":"Accueil :"},"content":{"rendered":"<p>Le m\u00e9decin, la cr\u00e8che, l\u2019\u00e9cole, l\u2019orthophoniste ou la psychologue vous a parl\u00e9 de psychomotricit\u00e9. Mais de quoi s\u2019agit-il ?<\/p>\n<p>Vous-m\u00eame vous posez des questions sur le d\u00e9veloppement psychomoteur de votre enfant.<\/p>\n<p>Peut-\u00eatre trouverez-vous des r\u00e9ponses dans ses pages. Si ce n\u2019est pas le cas, je vous r\u00e9pondrai avec plaisir !<\/p>\n\n\n<a href=\"https:\/\/www.doctolib.fr\/psychomotricien\/arveyres\/stephanie-lalanne?utm_campaign=website-button&amp;utm_source=stephanie-lalanne-website-button&amp;utm_medium=referral&amp;utm_content=option-5&amp;utm_term=stephanie-lalanne\" style=\"display:block;text-align:center;background-color:#0596DE;color:#ffffff;font-size:14px;overflow:hidden;width:257px;height:40px;border-bottom-right-radius:none;border-bottom-left-radius:none;position:fixed;bottom:0;right:5px;z-index:1000;border-top-left-radius:4px;border-top-right-radius:4px;line-height:40px\" target=\"_blank\" rel=\"noopener\"><span style=\"font-size:13px\">Prendre rendez-vous en ligne<\/span><img decoding=\"async\" style=\"height:15px;margin-bottom:3px;vertical-align:middle;width:auto\" src=\"https:\/\/pro.doctolib.fr\/external_button\/doctolib-white-transparent.png\" alt=\"Doctolib\"><\/a>\n\n\n\n<p>Sur le th\u00e8me des troubles neurod\u00e9veloppementaux (TDA\/H, dys, TDC, TSA), voici quelques supports int\u00e9ressants :<\/p>\n\n\n\n<p><a href=\"https:\/\/www.identidys.com\/\">Identidys &#8211; L&#8217;echelle d&#8217;aide au rep\u00e9rage des troubles Dys<\/a> <\/p>\n\n\n\n<p><a href=\"https:\/\/www.ch-perrens.fr\/offre-de-soins\/pedopsychiatrie\/centres-referents-plateformes-services-specialises\/plateforme-de\">Plateforme de Coordination et d&#8217;Orientation (PCO) de la Gironde | Charles Perrens (ch-perrens.fr)<\/a><\/p>\n","protected":false},"excerpt":{"rendered":"<p>Le m\u00e9decin, la cr\u00e8che, l\u2019\u00e9cole, l\u2019orthophoniste ou la psychologue vous a parl\u00e9 de psychomotricit\u00e9. Mais de quoi s\u2019agit-il ? Vous-m\u00eame vous posez des questions sur le d\u00e9veloppement psychomoteur de votre enfant. Peut-\u00eatre trouverez-vous des r\u00e9ponses dans ses pages. Si ce n\u2019est pas le cas, je vous r\u00e9pondrai avec plaisir ! Prendre rendez-vous en ligne Sur [&hellip;]<\/p>\n","protected":false},"author":1,"featured_media":0,"parent":0,"menu_order":0,"comment_status":"closed","ping_status":"closed","template":"","meta":[],"_links":{"self":[{"href":"https:\/\/psychomote.fr\/index.php\/wp-json\/wp\/v2\/pages\/8"}],"collection":[{"href":"https:\/\/psychomote.fr\/index.php\/wp-json\/wp\/v2\/pages"}],"about":[{"href":"https:\/\/psychomote.fr\/index.php\/wp-json\/wp\/v2\/types\/page"}],"author":[{"embeddable":true,"href":"https:\/\/psychomote.fr\/index.php\/wp-json\/wp\/v2\/users\/1"}],"replies":[{"embeddable":true,"href":"https:\/\/psychomote.fr\/index.php\/wp-json\/wp\/v2\/comments?post=8"}],"version-history":[{"count":11,"href":"https:\/\/psychomote.fr\/index.php\/wp-json\/wp\/v2\/pages\/8\/revisions"}],"predecessor-version":[{"id":129,"href":"https:\/\/psychomote.fr\/index.php\/wp-json\/wp\/v2\/pages\/8\/revisions\/129"}],"wp:attachment":[{"href":"https:\/\/psychomote.fr\/index.php\/wp-json\/wp\/v2\/media?parent=8"}],"curies":[{"name":"wp","href":"https:\/\/api.w.org\/{rel}","templated":true}]}}