{"id":29,"date":"2019-06-14T22:50:06","date_gmt":"2019-06-14T20:50:06","guid":{"rendered":"http:\/\/psychomote.fr\/?page_id=29"},"modified":"2022-11-16T23:20:21","modified_gmt":"2022-11-16T22:20:21","slug":"le-suivi-psychomoteur","status":"publish","type":"page","link":"https:\/\/psychomote.fr\/index.php\/le-suivi-psychomoteur\/","title":{"rendered":"Le suivi psychomoteur"},"content":{"rendered":"\n<p><font _mstmutation=\"1\" _msthash=\"1101874\" _msttexthash=\"5731960\">Des coll\u00e8gues ont cr\u00e9\u00e9 des affiches afin de balayer tout ce que pouvez proposer un psychomotricien<\/font><font _mstmutation=\"1\" _msthash=\"1101926\" _msttexthash=\"5278\"> <\/font><font _mstmutation=\"1\" _msthash=\"1101927\" _msttexthash=\"5278\">:<\/font><font _mstmutation=\"1\" _msthash=\"1101928\" _msttexthash=\"9009\"> <\/font><font _mstmutation=\"1\" _msthash=\"1101929\" _msttexthash=\"6097\">Calendrier 2109 et 2021<\/font><font _mstmutation=\"1\" _msthash=\"1\"><\/p>\n\n\n\n<p><font _mstmutation=\"1\" _msthash=\"981513\"><a _msthash=\"981514\" _msttexthash=\"6289114\" href=\"https:\/\/lesimpuls.wixsite.com\/ccapsychomot\">Collectif Communic\u2019Actif des Psychomotriciens (CCAP) (lesimpuls.wixsite.com)<\/a><\/p>\n\n\n\n<p><strong>1\u00b0 La prescription m\u00e9dicale = \u00ab Bilan psychomoteur \u00bb<\/strong><\/p>\n\n\n\n<p><br><font _mstmutation=\"1\" _msthash=\"1077948\" _msttexthash=\"105668706\"> Le psychomotricien, m\u00eame si non conventionn\u00e9, est un auxiliaire de sant\u00e9<\/font> <font _mstmutation=\"1\" _msthash=\"1077948\" _msttexthash=\"105668706\">et plus pr\u00e9cis\u00e9ment un r\u00e9\u00e9ducateur. Des textes r\u00e9gissent son r\u00f4le :<br><\/font><\/p>\n\n\n\n<p><font _mstmutation=\"1\" _msthash=\"1077948\" _msttexthash=\"105668706\"><a _msthash=\"5159650\" _msttexthash=\"4312555\" href=\"https:\/\/www.legifrance.gouv.fr\/loda\/id\/LEGITEXT000006066735\/\">D\u00e9cret n\u00b0 88-659 du 6 mai 1988 d\u00e9finissant le champ de comp\u00e9tences du psychomotricien. <\/a><\/font><\/p>\n\n\n\n<p><a href=\"https:\/\/www.has-sante.fr\/jcms\/c_1148883\/fr\/maladie-d-alzheimer-et-maladies-apparentees-diagnostic-et-prise-en-charge\">Haute Autorit\u00e9 de Sant\u00e9 &#8211; Maladie d\u2019Alzheimer et maladies apparent\u00e9es : diagnostic et prise en charge (has-sante.fr)<\/a><\/p>\n\n\n\n<p><a href=\"https:\/\/www.inserm.fr\/expertise-collective\/trouble-developpemental-coordination-ou-dyspraxie\/\">https:\/\/www.inserm.fr\/expertise-collective\/trouble-developpemental-coordination-ou-dyspraxie\/<\/a><font _mstmutation=\"1\" _msthash=\"0\"><\/p>\n\n\n\n<p><font _mstmutation=\"1\" _msthash=\"1051129\"><\/p>\n\n\n\n<p><strong _msthash=\"741626\" _msttexthash=\"741624\">2\u00b0    R\u00e9alisation du Bilan Initial<\/strong><font _mstmutation=\"1\" _msthash=\"5278\" _msttexthash=\"5278\"> <\/font><font _mstmutation=\"1\" _msthash=\"5279\" _msttexthash=\"5278\">:<\/font><font _mstmutation=\"1\" _msthash=\"10738\" _msttexthash=\"10738\"> <\/font><strong>vis\u00e9e diagnostic et compr\u00e9hension de la dynamique psychomotrice<\/strong><\/p>\n\n\n\n<p><font _mstmutation=\"1\" _msthash=\"1131770\" _msttexthash=\"222046448\"> Le bilan psychomoteur permet d\u2019\u00e9valuer les comp\u00e9tences et les difficult\u00e9s psychomotrices de la personne et d\u2019observer son corps en relation. Cette \u00e9valuation conduit \u00e0 la d\u00e9termination d\u2019un profil psychomoteur. Diff\u00e9rents points sont abord\u00e9s : les rep\u00e8res spatio-temporaux ; l\u2019attention, l\u2019organisation et la m\u00e9moire ; la graphomotricit\u00e9 et la motricit\u00e9 fine ; le sch\u00e9ma corporel ; les coordinations motrices ; les capacit\u00e9s de r\u00e9gulation tonico-\u00e9motionnelles : les capacit\u00e9s gnosiques et praxiques.<\/font><\/p>\n\n\n\n<p><strong>3\u00b0    Envoi du bilan au m\u00e9decin avec les indications et \u00e9change avec le patient<\/strong><br> Ce temps permet la construction du projet th\u00e9rapeutique (objectifs, m\u00e9diateurs, dur\u00e9e des s\u00e9ances) en concertation avec le patient, selon les pr\u00e9conisations du bilan. Le patient est acteur de l\u2019accompagnement psychomoteur.<\/p>\n\n\n\n<p><strong>4\u00b0    Validation du projet th\u00e9rapeutique par le m\u00e9decin <\/strong><br> Sous la forme d\u2019une prescription d\u00e9terminant le nombre de s\u00e9ance de psychomotricit\u00e9. Le bilan \u00e9tabli conjointement avec le patient fait \u00e9tat d\u2019une proposition.<\/p>\n\n\n\n<p><strong>5\u00b0 Mise en place du suivi psychomoteur<\/strong><br> La dur\u00e9e de la s\u00e9ance d\u00e9pend des capacit\u00e9s attentionnelles du patient. <br> Les champs d\u2019action : le psychomotricien intervient dans le d\u00e9pistage, la pr\u00e9vention et la r\u00e9\u00e9ducation de troubles identifi\u00e9es. Il peut \u00e9galement contribuer \u00e0 des soins palliatifs.<\/p>\n\n\n\n<p><strong>6\u00b0    R\u00e9\u00e9valuation des objectifs th\u00e9rapeutiques<\/strong><br> Cela permet une adaptation rapide de l\u2019\u00e9volution du patient et ainsi une r\u00e9ponse adapt\u00e9e \u00e0 ses besoins jusqu\u2019\u00e0 leur terme.<\/p>\n\n\n\n<p><strong>7\u00b0    Poursuite du suivi <\/strong><br> Selon les indications de la r\u00e9\u00e9valuation<\/p>\n\n\n\n<p><strong>8\u00b0 Bilan Final<\/strong><br> Il donne lieu \u00e0 un \u00e9change avec le patient \/ la famille le m\u00e9decin et les autres intervenants souhait\u00e9s par le patient, selon les voies de communication d\u00e9cid\u00e9es par lui : rendez-vous, appel t\u00e9l\u00e9phonique, courrier, mail, etc&#8230;<\/p>\n\n\n\n<figure class=\"wp-block-image size-full is-resized\"><img decoding=\"async\" loading=\"lazy\" src=\"http:\/\/psychomote.fr\/wp-content\/uploads\/2022\/10\/Je-suis-psychomot.jpg\" alt=\"\" class=\"wp-image-88\" width=\"609\" height=\"430\" srcset=\"https:\/\/psychomote.fr\/wp-content\/uploads\/2022\/10\/Je-suis-psychomot.jpg 720w, https:\/\/psychomote.fr\/wp-content\/uploads\/2022\/10\/Je-suis-psychomot-300x212.jpg 300w\" sizes=\"(max-width: 609px) 100vw, 609px\" \/><figcaption><font _mstmutation=\"1\" _msthash=\"180882\" _msttexthash=\"465738\">Les dessins de @LePueblo<\/font><font _mstmutation=\"1\" _msthash=\"180883\" _msttexthash=\"4004\">,<\/font><font _mstmutation=\"1\" _msthash=\"180884\" _msttexthash=\"6097\"> <\/font><font _mstmutation=\"1\" _msthash=\"180942\" _msttexthash=\"17641\"><font _mstmutation=\"1\" _msthash=\"180934\" _msttexthash=\"5911230\">publi\u00e9 par le Collectif Comunic\u2019Actif des Psychomotriciens<\/font><\/font><font _mstmutation=\"1\" _msthash=\"735878\"><\/figcaption><\/figure>\n\n\n\n<a href=\"https:\/\/www.doctolib.fr\/psychomotricien\/arveyres\/stephanie-lalanne?utm_campaign=website-button&amp;utm_source=stephanie-lalanne-website-button&amp;utm_medium=referral&amp;utm_content=option-5&amp;utm_term=stephanie-lalanne\" style=\"display:block;text-align:center;background-color:#0596DE;color:#ffffff;font-size:14px;overflow:hidden;width:257px;height:40px;border-bottom-right-radius:none;border-bottom-left-radius:none;position:fixed;bottom:0;right:5px;z-index:1000;border-top-left-radius:4px;border-top-right-radius:4px;line-height:40px\" target=\"_blank\" rel=\"noopener\"><span style=\"font-size:13px\">Prendre rendez-vous en ligne<\/span><img decoding=\"async\" style=\"height:15px;margin-bottom:3px;vertical-align:middle;width:auto\" src=\"https:\/\/pro.doctolib.fr\/external_button\/doctolib-white-transparent.png\" alt=\"Doctolib\"><\/a>\n","protected":false},"excerpt":{"rendered":"<p>Des coll\u00e8gues ont cr\u00e9\u00e9 des affiches afin de balayer tout ce que pouvez proposer un psychomotricien : Calendrier 2109 et 2021 Collectif Communic\u2019Actif des Psychomotriciens (CCAP) (lesimpuls.wixsite.com) 1\u00b0 La prescription m\u00e9dicale = \u00ab Bilan psychomoteur \u00bb Le psychomotricien, m\u00eame si non conventionn\u00e9, est un auxiliaire de sant\u00e9 et plus pr\u00e9cis\u00e9ment un r\u00e9\u00e9ducateur. Des textes r\u00e9gissent [&hellip;]<\/p>\n","protected":false},"author":1,"featured_media":0,"parent":0,"menu_order":0,"comment_status":"closed","ping_status":"closed","template":"","meta":[],"_links":{"self":[{"href":"https:\/\/psychomote.fr\/index.php\/wp-json\/wp\/v2\/pages\/29"}],"collection":[{"href":"https:\/\/psychomote.fr\/index.php\/wp-json\/wp\/v2\/pages"}],"about":[{"href":"https:\/\/psychomote.fr\/index.php\/wp-json\/wp\/v2\/types\/page"}],"author":[{"embeddable":true,"href":"https:\/\/psychomote.fr\/index.php\/wp-json\/wp\/v2\/users\/1"}],"replies":[{"embeddable":true,"href":"https:\/\/psychomote.fr\/index.php\/wp-json\/wp\/v2\/comments?post=29"}],"version-history":[{"count":6,"href":"https:\/\/psychomote.fr\/index.php\/wp-json\/wp\/v2\/pages\/29\/revisions"}],"predecessor-version":[{"id":124,"href":"https:\/\/psychomote.fr\/index.php\/wp-json\/wp\/v2\/pages\/29\/revisions\/124"}],"wp:attachment":[{"href":"https:\/\/psychomote.fr\/index.php\/wp-json\/wp\/v2\/media?parent=29"}],"curies":[{"name":"wp","href":"https:\/\/api.w.org\/{rel}","templated":true}]}}